{"id":14,"date":"2024-01-30T16:39:10","date_gmt":"2024-01-30T16:39:10","guid":{"rendered":"https:\/\/criativosilimitada.com.br\/blog\/?page_id=14"},"modified":"2024-01-30T16:51:12","modified_gmt":"2024-01-30T16:51:12","slug":"home","status":"publish","type":"page","link":"https:\/\/criativosilimitada.com.br\/blog\/","title":{"rendered":"Home"},"content":{"rendered":"\t\t<div data-elementor-type=\"wp-page\" data-elementor-id=\"14\" class=\"elementor elementor-14\">\n\t\t\t\t<div class=\"elementor-element elementor-element-a393344 e-flex e-con-boxed e-con e-parent\" data-id=\"a393344\" data-element_type=\"container\" data-settings=\"{&quot;content_width&quot;:&quot;boxed&quot;}\" data-core-v316-plus=\"true\">\n\t\t\t\t\t<div class=\"e-con-inner\">\n\t\t\t\t<div class=\"elementor-element elementor-element-98974fd elementor-widget elementor-widget-ucaddon_post_grid\" data-id=\"98974fd\" data-element_type=\"widget\" data-widget_type=\"ucaddon_post_grid.default\">\n\t\t\t\t<div class=\"elementor-widget-container\">\n\t\t\t<!-- start Post Grid -->\n\t\t<link id='font-awesome-css' href='https:\/\/criativosilimitada.com.br\/blog\/wp-content\/plugins\/unlimited-elements-for-elementor-premium\/assets_libraries\/font-awesome5\/css\/fontawesome-all.min.css' type='text\/css' rel='stylesheet' >\n\t\t<link id='font-awesome-4-shim-css' href='https:\/\/criativosilimitada.com.br\/blog\/wp-content\/plugins\/unlimited-elements-for-elementor-premium\/assets_libraries\/font-awesome5\/css\/fontawesome-v4-shims.css' type='text\/css' rel='stylesheet' >\n\n\t\t\t<style type=\"text\/css\">\/* widget: Post Grid *\/\n\n\n\n#uc_post_grid_elementor_98974fd.uc_post_grid_style_one .uc_post_grid_style_one_wrap {\n   display:grid;\n}\n\n\n#uc_post_grid_elementor_98974fd .uc_post_grid_style_one_item\n{\n  position:relative;\n}\n\n#uc_post_grid_elementor_98974fd .uc_post_image\n{\n  transition:0.3s;\n  position:relative;\n  overflow:hidden;\n}\n\n#uc_post_grid_elementor_98974fd .uc_post_image img\n{\n  width:100%;\n  display:block;\n  transition:0.3s;\n}\n\n\n\t\n\n\n\n\n\n\n#uc_post_grid_elementor_98974fd .uc_post_image_overlay\n{\n  position:absolute;\n  top:0px;\n  left:0px;\n  height:100%;\n  width:100%;\n  transition:0.3s;\n}\n\n#uc_post_grid_elementor_98974fd .uc_more_btn-custom-field\n{\n  display:inline-block;\n  text-align:center;\n  text-decoration:none;\n  transition:0.3s;\n}\n\n#uc_post_grid_elementor_98974fd .uc_more_btn\n{\n  display:inline-block;\n  text-align:center;\n  text-decoration:none;\n  transition:0.3s;\n}\n\n.ue-grid-item-category a\n{\n  display:inline-block;\n  font-size:10px;\n  \n}\n.uc_post_title\n{\n  font-size:21px;\n}\n\n\n\n#uc_post_grid_elementor_98974fd .ue_post_grid_item\n{\n  display:flex;\n  flex-direction:column;\n}\n\n#uc_post_grid_elementor_98974fd.uc_post_grid_style_one .uc_content{\n flex-grow:1;\n}\n\n#uc_post_grid_elementor_98974fd.uc_post_grid_style_one .uc_content > div\n{\n  height:100%;\n  display:flex;\n  flex-direction:column;\n  justify-content: space-between;}\n\n    #uc_post_grid_elementor_98974fd .uc_post_button\n   {\n     margin-top:auto;\n   }\n  \n\n\n\n\n\n\n\n\n\n\n\n\n\n\n\n\n\n\n\n\n\n\n#uc_post_grid_elementor_98974fd .ue-meta-data\n{\n  \n  display:flex;\n\n  flex-wrap: wrap;\n  line-height:1em;\n}\n\n#uc_post_grid_elementor_98974fd .ue-grid-item-meta-data\n{\n      display:inline-flex;\n      align-items:center;\n}\n\n#uc_post_grid_elementor_98974fd .ue-grid-item-meta-data a{\n  color:inherit;\n}\n\n.ue-grid-item-meta-data\n{\n  font-size:12px;\n}\n\n#uc_post_grid_elementor_98974fd .ue-grid-item-meta-data-icon\n{\n  line-height:1em;\n}\n\n#uc_post_grid_elementor_98974fd .ue-grid-item-meta-data-icon svg\n{\n  width:1em;\n  height:1em;\n}\n\n#uc_post_grid_elementor_98974fd .ue-debug-meta\n{\n  padding:10px;\n  border:1px solid red;\n  position:relative;\n  line-height:1.5em;\n  font-size:11px;\n  width:100%;\n}\n\n#uc_post_grid_elementor_98974fd .uc_btn_inner\n{\n  display:inline-flex;\n  align-items:center;\n}\n\n#uc_post_grid_elementor_98974fd .uc_btn_inner svg\n{\n  width:1em;\n  height:1em;\n}\n\n\n\n\n\n<\/style>\n\n\t\t\t<div class=\"uc_post_grid_style_one \" id=\"uc_post_grid_elementor_98974fd\"  >\n\t\t<div class=\"uc_post_grid_style_one_wrap ue_post_grid uc-items-wrapper\">\n\t\t\t<div id=\"uc_post_grid_elementor_98974fd_item1\" class=\"uc_post_grid_style_one_item ue_post_grid_item ue-item \">\n  \n      <a class=\"uc_post_grid_style_one_image \" href='https:\/\/criativosilimitada.com.br\/blog\/a-revolucao-da-produtividade-com-o-chat-gpt-como-iniciar-e-otimizar-o-uso\/' target=\"_self\">\n     <div class=\"uc_post_image\">\n     <img fetchpriority=\"high\" decoding=\"async\" src=\"https:\/\/criativosilimitada.com.br\/blog\/wp-content\/uploads\/2024\/02\/chatgpt-para-gestao-de-ti-768x429.jpg\"  src=\"https:\/\/criativosilimitada.com.br\/blog\/wp-content\/uploads\/2024\/02\/chatgpt-para-gestao-de-ti-768x429.jpg\" alt=\"chatgpt\" width=\"768\" height=\"429\">\n     <div class=\"uc_post_image_overlay\"><\/div>\n     <\/div>\n    <\/a>\n   \n  <div class=\"uc_content\">\n    <div>\n      <div class=\"uc_content-info-wrapper\" >\n             \n    \t        \t\t\t      \t\t\t\t<div class=\"uc_post_title\"><a class=\"\" href='https:\/\/criativosilimitada.com.br\/blog\/a-revolucao-da-produtividade-com-o-chat-gpt-como-iniciar-e-otimizar-o-uso\/' target=\"_self\"><div class=\"ue_p_title\">A Revolu\u00e7\u00e3o da Produtividade com o Chat GPT: Como Iniciar e Otimizar o Uso<\/div><\/a><\/div>\n      \t\t\t          \t\n                      \n                      \n\t\t  \n      \t  <div class=\"ue-meta-data\">\n                        \n                        \n        \n\t\t\t\n                        \n                        \n                        \n                        \n            \t\t\t\n              \n            \n          <\/div>\n     \n     <div class=\"uc_post_text\">Em um mundo cada vez mais tecnol\u00f3gico, a intelig\u00eancia artificial (IA) tem desempenhado um papel crucial...<\/div>                      \n     <\/div>\n           <div class=\"uc_post_button\">\n        \n        <a class=\"uc_more_btn \" target=\"_self\" href='https:\/\/criativosilimitada.com.br\/blog\/a-revolucao-da-produtividade-com-o-chat-gpt-como-iniciar-e-otimizar-o-uso\/'>\n          <div class=\"uc_btn_inner\">\n            <div class=\"uc_btn_txt\">Leia mais<\/div>\n                      <\/div>\n      \t<\/a>\n        \n                \n      <\/div>\n      \t<\/div>\n  <\/div>\n  <\/div>\n<div id=\"uc_post_grid_elementor_98974fd_item2\" class=\"uc_post_grid_style_one_item ue_post_grid_item ue-item \">\n  \n      <a class=\"uc_post_grid_style_one_image \" href='https:\/\/criativosilimitada.com.br\/blog\/cultura-de-experimentacao-e-growth-hacking-para-o-sucesso-dos-negocios\/' target=\"_self\">\n     <div class=\"uc_post_image\">\n     <img decoding=\"async\" src=\"https:\/\/criativosilimitada.com.br\/blog\/wp-content\/uploads\/2024\/01\/cultura-de-experimentacao-e-growth-hacking-768x432.jpg\"  src=\"https:\/\/criativosilimitada.com.br\/blog\/wp-content\/uploads\/2024\/01\/cultura-de-experimentacao-e-growth-hacking-768x432.jpg\" alt=\"Cultura de Experimenta\u00e7\u00e3o e Growth Hacking para o Sucesso dos Neg\u00f3cios\" width=\"768\" height=\"432\">\n     <div class=\"uc_post_image_overlay\"><\/div>\n     <\/div>\n    <\/a>\n   \n  <div class=\"uc_content\">\n    <div>\n      <div class=\"uc_content-info-wrapper\" >\n             \n    \t        \t\t\t      \t\t\t\t<div class=\"uc_post_title\"><a class=\"\" href='https:\/\/criativosilimitada.com.br\/blog\/cultura-de-experimentacao-e-growth-hacking-para-o-sucesso-dos-negocios\/' target=\"_self\"><div class=\"ue_p_title\">A Cultura de Experimenta\u00e7\u00e3o e Growth Hacking para o Sucesso dos Neg\u00f3cios<\/div><\/a><\/div>\n      \t\t\t          \t\n                      \n                      \n\t\t  \n      \t  <div class=\"ue-meta-data\">\n                        \n                        \n        \n\t\t\t\n                        \n                        \n                        \n                        \n            \t\t\t\n              \n            \n          <\/div>\n     \n     <div class=\"uc_post_text\">A cultura de experimenta\u00e7\u00e3o e o growth hacking s\u00e3o elementos-chave para impulsionar empresas em um mercado...<\/div>                      \n     <\/div>\n           <div class=\"uc_post_button\">\n        \n        <a class=\"uc_more_btn \" target=\"_self\" href='https:\/\/criativosilimitada.com.br\/blog\/cultura-de-experimentacao-e-growth-hacking-para-o-sucesso-dos-negocios\/'>\n          <div class=\"uc_btn_inner\">\n            <div class=\"uc_btn_txt\">Leia mais<\/div>\n                      <\/div>\n      \t<\/a>\n        \n                \n      <\/div>\n      \t<\/div>\n  <\/div>\n  <\/div>\n\n\t\t<\/div>\n\t<\/div>\n\n\n\n  <div id=\"uc_post_grid_elementor_98974fd_empty_message\" class=\"ue-no-posts-found\"  style=\"display:none\" >No posts found<\/div>\n\n\n\t\t\t<!-- end Post Grid -->\t\t<\/div>\n\t\t\t\t<\/div>\n\t\t\t\t\t<\/div>\n\t\t\t\t<\/div>\n\t\t\t\t<\/div>\n\t\t","protected":false},"excerpt":{"rendered":"<p>A Cultura de Experimenta\u00e7\u00e3o e Growth Hacking para o Sucesso dos Neg\u00f3cios A cultura de experimenta\u00e7\u00e3o e o growth hacking s\u00e3o elementos-chave para impulsionar empresas em um mercado&#8230; Leia mais No posts found<\/p>\n","protected":false},"author":1,"featured_media":0,"parent":0,"menu_order":0,"comment_status":"closed","ping_status":"closed","template":"","meta":{"_seopress_robots_primary_cat":"","_seopress_titles_title":"","_seopress_titles_desc":"","_seopress_robots_index":"","footnotes":""},"class_list":["post-14","page","type-page","status-publish","hentry"],"_links":{"self":[{"href":"https:\/\/criativosilimitada.com.br\/blog\/wp-json\/wp\/v2\/pages\/14","targetHints":{"allow":["GET"]}}],"collection":[{"href":"https:\/\/criativosilimitada.com.br\/blog\/wp-json\/wp\/v2\/pages"}],"about":[{"href":"https:\/\/criativosilimitada.com.br\/blog\/wp-json\/wp\/v2\/types\/page"}],"author":[{"embeddable":true,"href":"https:\/\/criativosilimitada.com.br\/blog\/wp-json\/wp\/v2\/users\/1"}],"replies":[{"embeddable":true,"href":"https:\/\/criativosilimitada.com.br\/blog\/wp-json\/wp\/v2\/comments?post=14"}],"version-history":[{"count":10,"href":"https:\/\/criativosilimitada.com.br\/blog\/wp-json\/wp\/v2\/pages\/14\/revisions"}],"predecessor-version":[{"id":66,"href":"https:\/\/criativosilimitada.com.br\/blog\/wp-json\/wp\/v2\/pages\/14\/revisions\/66"}],"wp:attachment":[{"href":"https:\/\/criativosilimitada.com.br\/blog\/wp-json\/wp\/v2\/media?parent=14"}],"curies":[{"name":"wp","href":"https:\/\/api.w.org\/{rel}","templated":true}]}}